{"id":3041,"date":"2025-10-25T06:44:35","date_gmt":"2025-10-25T04:44:35","guid":{"rendered":"https:\/\/mindful-moves.org\/?page_id=3041"},"modified":"2025-12-31T18:27:39","modified_gmt":"2025-12-31T17:27:39","slug":"livre-echecs-enfant-6-9-ans","status":"publish","type":"page","link":"https:\/\/mindful-moves.org\/index.php\/livre-echecs-enfant-6-9-ans\/","title":{"rendered":"Apprendre les \u00c9checs avec le Meilleur Livre \u00c9checs Enfant \u2013 \u00c2ge 6 \u00e0 9 Ans"},"content":{"rendered":"\n<div style=\"height:55px\" aria-hidden=\"true\" class=\"wp-block-spacer\"><\/div>\n\n\n\n<h1 class=\"wp-block-heading\" style=\"font-size:44px\">Apprendre \u00e0 Jouer aux \u00c9checs pour les Enfants D\u00e9butants (6 \u00e0 9 ans)<\/h1>\n\n\n\n<div class=\"wp-block-media-text has-media-on-the-right is-stacked-on-mobile is-vertically-aligned-top\"><div class=\"wp-block-media-text__content\">\n<h2 class=\"wp-block-heading has-text-align-left has-medium-font-size\">Un <em>livre \u00e9checs enfant<\/em> ludique, progressif et plein d\u2019illustrations pour jeunes d\u00e9butants<\/h2>\n\n\n\n<p>Ce <em>livre \u00e9checs enfant<\/em> a \u00e9t\u00e9 sp\u00e9cialement con\u00e7u pour initier les jeunes de 6 \u00e0 9 ans au monde fascinant des \u00e9checs. Gr\u00e2ce \u00e0 une m\u00e9thode simple, claire et motivante, il aide les enfants \u00e0 comprendre les r\u00e8gles, \u00e0 reconna\u00eetre les pi\u00e8ces et \u00e0 d\u00e9velopper leur logique tout en s\u2019amusant. Adapt\u00e9 aussi bien aux parents qu\u2019aux enseignants, ce guide rend l\u2019apprentissage des \u00e9checs accessible \u00e0 tous.<\/p>\n\n\n\n<h3 class=\"wp-block-heading has-text-align-center\">Pourquoi ce livre pla\u00eet autant aux enfants et aux parents<\/h3>\n\n\n\n<p>Un nouveau concept d\u2019apprentissage alliant plaisir et progression ! Ce <em>livre \u00e9checs enfant<\/em> contient plus de 300 puzzles amusants, des explications pas \u00e0 pas et des r\u00e9compenses \u00e0 chaque \u00e9tape pour encourager la motivation. \u00c0 chaque chapitre, l\u2019enfant d\u00e9couvre de nouvelles notions de strat\u00e9gie et de tactique \u00e0 travers des exemples concrets, des d\u00e9fis et des mini-jeux. Gr\u00e2ce \u00e0 des illustrations color\u00e9es et une pr\u00e9sentation adapt\u00e9e \u00e0 leur \u00e2ge, les enfants apprennent avec enthousiasme et confiance.<\/p>\n<\/div><figure class=\"wp-block-media-text__media\"><img fetchpriority=\"high\" decoding=\"async\" width=\"786\" height=\"958\" src=\"https:\/\/mindful-moves.org\/wp-content\/uploads\/2025\/10\/apprendre-echecs-enfants-livre-6-9-ans.webp\" alt=\"Enfant apprenant les \u00e9checs gr\u00e2ce au livre &quot;Apprendre \u00e0 Jouer aux \u00c9checs pour les Enfants de 6 \u00e0 9 ans\" class=\"wp-image-3042 size-full\" srcset=\"https:\/\/mindful-moves.org\/wp-content\/uploads\/2025\/10\/apprendre-echecs-enfants-livre-6-9-ans.webp 786w, https:\/\/mindful-moves.org\/wp-content\/uploads\/2025\/10\/apprendre-echecs-enfants-livre-6-9-ans-246x300.webp 246w, https:\/\/mindful-moves.org\/wp-content\/uploads\/2025\/10\/apprendre-echecs-enfants-livre-6-9-ans-768x936.webp 768w, https:\/\/mindful-moves.org\/wp-content\/uploads\/2025\/10\/apprendre-echecs-enfants-livre-6-9-ans-600x731.webp 600w\" sizes=\"(max-width: 786px) 100vw, 786px\" \/><\/figure><\/div>\n\n\n\n<div class=\"wp-block-buttons is-content-justification-center is-layout-flex wp-container-core-buttons-is-layout-a89b3969 wp-block-buttons-is-layout-flex\" style=\"border-style:none;border-width:0px;border-radius:0px\">\n<div class=\"wp-block-button is-style-fill\"><a class=\"wp-block-button__link has-background has-text-align-center wp-element-button\" href=\"https:\/\/amzn.to\/3YBvv7v\" style=\"border-radius:30px;background-color:#ff8d28\" target=\"_blank\" rel=\"noreferrer noopener\">En Vente sur Amazon<\/a><\/div>\n<\/div>\n\n\n\n<script type=\"application\/ld+json\"> { \"@context\": \"https:\/\/schema.org\", \"@graph\": [ { \"@type\": \"BreadcrumbList\", \"@id\": \"https:\/\/mindful-moves.org\/index.php\/livre-echecs-enfant-6-9-ans\/#breadcrumblist\", \"itemListElement\": [ { \"@type\": \"ListItem\", \"position\": 1, \"name\": \"Home\", \"item\": \"https:\/\/mindful-moves.org\/\" }, { \"@type\": \"ListItem\", \"position\": 2, \"name\": \"Apprendre les \u00c9checs avec le Meilleur Livre \u00c9checs Enfant \u2013 \u00c2ge 6 \u00e0 9 Ans\", \"item\": \"https:\/\/mindful-moves.org\/index.php\/livre-echecs-enfant-6-9-ans\/\" } ] }, { \"@type\": \"Book\", \"@id\": \"https:\/\/mindful-moves.org\/index.php\/livre-echecs-enfant-6-9-ans\/#book\", \"name\": \"Apprendre \u00e0 Jouer aux \u00c9checs aux Enfants D\u00e9butants \u2013 \u00c2ge 6-9\", \"alternateName\": \"Apprendre les \u00c9checs avec le Meilleur Livre \u00c9checs Enfant \u2013 \u00c2ge 6 \u00e0 9 Ans\", \"author\": { \"@type\": \"Person\", \"name\": \"Coach Oli\", \"url\": \"https:\/\/mindful-moves.org\/index.php\/the-author\/\", \"sameAs\": [ \"https:\/\/www.amazon.fr\/stores\/author\/B0CN5R2S9F\/about\", \"https:\/\/mindful-moves.org\/\" ], \"description\": \"Coach Oli est instructeur certifi\u00e9 FIDE, enseignant les \u00e9checs aux enfants de 5 \u00e0 12 ans dans des \u00e9coles internationales et en ligne \u00e0 travers le monde.\" }, \"publisher\": { \"@type\": \"Organization\", \"name\": \"Mindful Moves Publications\", \"url\": \"https:\/\/mindful-moves.org\/\", \"logo\": \"https:\/\/mindful-moves.org\/wp-content\/uploads\/2025\/10\/Mindful-Moves-logo.webp\" }, \"bookFormat\": \"https:\/\/schema.org\/Paperback\", \"inLanguage\": \"fr\", \"isbn\": \"9782960344981\", \"numberOfPages\": 94, \"genre\": \"Livre \u00e9ducatif, Apprentissage des \u00e9checs, Enfants 6-9 ans\", \"about\": \"Apprentissage ludique et progressif des \u00e9checs pour enfants d\u00e9butants \u00e2g\u00e9s de 6 \u00e0 9 ans, avec plus de 300 exercices et illustrations.\", \"image\": \"https:\/\/mindful-moves.org\/wp-content\/uploads\/2025\/10\/apprendre-echecs-enfants-livre-6-9-ans.webp\", \"offers\": { \"@type\": \"Offer\", \"url\": \"https:\/\/mindful-moves.org\/index.php\/livre-echecs-enfant-6-9-ans\/\", \"priceCurrency\": \"EUR\", \"price\": \"14.99\", \"availability\": \"https:\/\/schema.org\/InStock\" }, \"aggregateRating\": { \"@type\": \"AggregateRating\", \"ratingValue\": \"4.8\", \"reviewCount\": \"35\" } } ] } <\/script>\n","protected":false},"excerpt":{"rendered":"<p>Apprendre \u00e0 Jouer aux \u00c9checs pour les Enfants D\u00e9butants (6 \u00e0 9 ans) Un livre \u00e9checs enfant ludique, progressif et plein d\u2019illustrations pour jeunes d\u00e9butants Ce livre \u00e9checs enfant a \u00e9t\u00e9 sp\u00e9cialement con\u00e7u pour initier les jeunes de 6 \u00e0 9 ans au monde fascinant des \u00e9checs. Gr\u00e2ce \u00e0 une m\u00e9thode simple, claire et motivante, [&hellip;]<\/p>\n","protected":false},"author":1,"featured_media":0,"parent":0,"menu_order":0,"comment_status":"closed","ping_status":"closed","template":"","meta":{"_uf_show_specific_survey":0,"_uf_disable_surveys":false,"site-sidebar-layout":"default","site-content-layout":"","ast-site-content-layout":"default","site-content-style":"default","site-sidebar-style":"default","ast-global-header-display":"","ast-banner-title-visibility":"","ast-main-header-display":"","ast-hfb-above-header-display":"","ast-hfb-below-header-display":"","ast-hfb-mobile-header-display":"","site-post-title":"disabled","ast-breadcrumbs-content":"","ast-featured-img":"","footer-sml-layout":"","ast-disable-related-posts":"","theme-transparent-header-meta":"","adv-header-id-meta":"","stick-header-meta":"","header-above-stick-meta":"","header-main-stick-meta":"","header-below-stick-meta":"","astra-migrate-meta-layouts":"set","ast-page-background-enabled":"default","ast-page-background-meta":{"desktop":{"background-color":"var(--ast-global-color-4)","background-image":"","background-repeat":"repeat","background-position":"center center","background-size":"auto","background-attachment":"scroll","background-type":"","background-media":"","overlay-type":"","overlay-color":"","overlay-opacity":"","overlay-gradient":""},"tablet":{"background-color":"","background-image":"","background-repeat":"repeat","background-position":"center center","background-size":"auto","background-attachment":"scroll","background-type":"","background-media":"","overlay-type":"","overlay-color":"","overlay-opacity":"","overlay-gradient":""},"mobile":{"background-color":"","background-image":"","background-repeat":"repeat","background-position":"center center","background-size":"auto","background-attachment":"scroll","background-type":"","background-media":"","overlay-type":"","overlay-color":"","overlay-opacity":"","overlay-gradient":""}},"ast-content-background-meta":{"desktop":{"background-color":"var(--ast-global-color-5)","background-image":"","background-repeat":"repeat","background-position":"center center","background-size":"auto","background-attachment":"scroll","background-type":"","background-media":"","overlay-type":"","overlay-color":"","overlay-opacity":"","overlay-gradient":""},"tablet":{"background-color":"var(--ast-global-color-5)","background-image":"","background-repeat":"repeat","background-position":"center center","background-size":"auto","background-attachment":"scroll","background-type":"","background-media":"","overlay-type":"","overlay-color":"","overlay-opacity":"","overlay-gradient":""},"mobile":{"background-color":"var(--ast-global-color-5)","background-image":"","background-repeat":"repeat","background-position":"center center","background-size":"auto","background-attachment":"scroll","background-type":"","background-media":"","overlay-type":"","overlay-color":"","overlay-opacity":"","overlay-gradient":""}},"footnotes":""},"class_list":["post-3041","page","type-page","status-publish","hentry"],"aioseo_notices":[],"_links":{"self":[{"href":"https:\/\/mindful-moves.org\/index.php\/wp-json\/wp\/v2\/pages\/3041","targetHints":{"allow":["GET"]}}],"collection":[{"href":"https:\/\/mindful-moves.org\/index.php\/wp-json\/wp\/v2\/pages"}],"about":[{"href":"https:\/\/mindful-moves.org\/index.php\/wp-json\/wp\/v2\/types\/page"}],"author":[{"embeddable":true,"href":"https:\/\/mindful-moves.org\/index.php\/wp-json\/wp\/v2\/users\/1"}],"replies":[{"embeddable":true,"href":"https:\/\/mindful-moves.org\/index.php\/wp-json\/wp\/v2\/comments?post=3041"}],"version-history":[{"count":17,"href":"https:\/\/mindful-moves.org\/index.php\/wp-json\/wp\/v2\/pages\/3041\/revisions"}],"predecessor-version":[{"id":3561,"href":"https:\/\/mindful-moves.org\/index.php\/wp-json\/wp\/v2\/pages\/3041\/revisions\/3561"}],"wp:attachment":[{"href":"https:\/\/mindful-moves.org\/index.php\/wp-json\/wp\/v2\/media?parent=3041"}],"curies":[{"name":"wp","href":"https:\/\/api.w.org\/{rel}","templated":true}]}}